{"id":1646,"date":"2021-11-26T08:30:52","date_gmt":"2021-11-26T08:30:52","guid":{"rendered":"https:\/\/e12e28.de\/?page_id=1646"},"modified":"2024-04-28T18:15:46","modified_gmt":"2024-04-28T18:15:46","slug":"wir-uber-uns","status":"publish","type":"page","link":"https:\/\/e12e28.de\/?page_id=1646","title":{"rendered":"Wir \u00fcber uns"},"content":{"rendered":"<h1>\n<p>Der BMW Club 5er E12 und E28 e.V.<\/p>\n<\/h1>\n<div>\n<p>Langsam und schleichend fahren sie aus unserem Blickfeld, die BMW 5er der ersten und zweiten Generation; immer seltener begegnen sie uns im allt\u00e4glichen Stra\u00dfenbild.<\/p>\n<\/div>\n<p><img decoding=\"async\" src=\"\/wp-content\/uploads\/2021\/11\/DSC_0307-scaled.jpg\" alt=\"\"><\/p>\n<h1>\n<h4 style=\"text-align: center;\">Falls Sie nicht bereits Clubmitglied (<a href=\"https:\/\/e12e28.de\/wp-content\/uploads\/2022\/02\/Mitgliedsantrag-2022_a.pdf\">Mitgliedsantrag<\/a>) sind: Machen Sie mit und werden Sie Teil des BMW Club 5er E12 und E28 e.V., lernen Sie interessante Menschen rund um Ihr Hobby kennen.<\/h4>\n<\/h1>\n<div>\n<p>Und so fand sich bereits vor mehr als 15 Jahren eine Interessengemeinschaft aus 5er-Fahrern der Modellreihen E12 und E28 zusammen, um diesem merklichen Verschwinden entgegenzuwirken, die Fahrzeuge nicht in den Garagen zu verstecken, sondern sie auch weiterhin der \u00d6ffentlichkeit zu erhalten.<\/p>\n<p>Ganz normal f\u00fcr den Weg zur Arbeit auf heimischen Stra\u00dfen, gerne aber auch bei Oldtimertreffen und Oldtimermessen.<\/p>\n<p>Dabei ist unser Interesse weiterhin das Gleiche wie vor Jahrzehnten. Egal ob damals\u00a0als Neuwagen angeschafft, oder zu einem\u00a0sp\u00e4teren Zeitpunkt als Gebrauchtwagen oder nun als Oldtimer, es ist diese Freude am Fahren, die uns mit den Modellen E12\u00a0und E28 verbindet. Allein Formensprache und Geschichte unserer Fahrzeuge f\u00fcllt viele B\u00fccher; Farbgebung, Haptik und der typische Duft des Interieurs f\u00fchrt uns zur\u00fcck in die 70er und 80er Jahre.<\/p>\n<p>Diese Freude verst\u00e4rkt sich durch das Gef\u00fchl, mit Freunden in der Gemeinschaft\u00a0dieses Interesse teilen zu k\u00f6nnen; die Fahrzeuge zu pflegen und damit als Zeitzeugen einer Automobilepoche zu erhalten. Sei dies bei Treffen oder den j\u00e4hrlichen Klassikermessen. Wir machen gerne davon Gebrauch, finden uns zu regionalen und \u00fcberregionalen Treffen und touristischen Ausfahrten zusammen und tauschen uns \u00fcber unsere Erfahrungen und Erlebnisse aus, l\u00f6sen gemeinsam\u00a0technische Probleme.<\/p>\n<p>Wir definieren uns jedoch keineswegs ausschlie\u00dflich \u00fcber unsere Autos, es fanden\u00a0sich schon zahlreiche pers\u00f6nliche Freundschaften zusammen.\u00a0Wir sehen uns auch dem Kulturgut \u201eAutomobil\u201c verpflichtet. Eine Markentreue ist bei unseren Mitgliedern dabei nicht von der Hand zu weisen: denn der Besitz von Fahrzeugen \u00fcber verschiedene klassische BMW Baureihen ist nicht un\u00fcblich.<\/p>\n<p>Daher gestalten wir Treffen auch mal \u00fcber mehrere BMW Baureihen der gleichen Zeit hinweg. So entsteht f\u00fcr uns und allen Teilnehmern ein immer wieder willkommener bunter Mix.<\/p>\n<\/div>\n<ul>\n<li>\n<div>\n<p>Eine aktive Gemeinschaft aller Altersgruppen<\/p>\n<\/div>\n<\/li>\n<li>\n<div>\n<p>Mitglieder aus dem In- und Ausland<\/p>\n<\/div>\n<\/li>\n<li>\n<div>\n<p>Gedrucktes Clubmagazin \u201eDer Doppelscheinwerfer\u201c<\/p>\n<\/div>\n<\/li>\n<li>\n<\/li>\n<li>\n<div>\n<p>Typen\u00fcbergreifende Kontakte zu anderen BMW-Klassiker-Clubs<\/p>\n<\/div>\n<\/li>\n<li>\n<div>\n<p>Geringer Jahresbeitrag in H\u00f6he von 50 \u20ac j\u00e4hrlich<\/p>\n<\/div>\n<\/li>\n<li>\n<div>\n<p>Hilfe bei allgemeinen und technischen Fragen und bei der Ersatzteilversorgung<\/p>\n<\/div>\n<\/li>\n<li>\n<div>\n<p>Kontakte zur Fachpresse<\/p>\n<\/div>\n<\/li>\n<li>\n<div>\n<p>BMW-Treffen und Events rund um die Marke und unsere Modelle<\/p>\n<\/div>\n<\/li>\n<li>\n<div>\n<p>Regionale Ansprechpartner und Aktivit\u00e4ten.<br \/>Lassen Sie sich auf den folgenden Seiten durch unsere Gemeinschaft leiten und Sie\u00a0erhalten gleichzeitig viele Informationen zu unserem BMW Club 5er E12 und E28 e.V. und unseren Modellreihen der ersten beiden BMW 5er Generationen.<\/p>\n<\/div>\n<\/li>\n<\/ul>\n<hr>\n<div>\n<h2>Wo wir sind<\/h2>\n<p>Unsere Mitglieder kommen aus allen Regionen von Deutschland. Es gibt auch Mitglieder aus den Niederlanden, \u00d6sterreich, der Schweiz, Italien, Spanien und den USA.<\/p>\n<hr \/>\n<h2>Werden Sie Mitglied<\/h2>\n<p>Werden auch Sie Mitglied (hier geht es zum <a href=\"https:\/\/e12e28.de\/wp-content\/uploads\/2022\/02\/Mitgliedsantrag-2022_a.pdf\">Mitgliedsantrag<\/a>).<\/p>\n<\/div>\n<p><!--more--><br \/>\n<!-- {\"type\":\"layout\",\"children\":[{\"type\":\"section\",\"props\":{\"animation\":\"slide-left-small\",\"image_position\":\"center-center\",\"style\":\"default\",\"title\":\"\",\"title_breakpoint\":\"xl\",\"title_position\":\"top-left\",\"title_rotation\":\"left\",\"vertical_align\":\"middle\",\"width\":\"large\"},\"children\":[{\"type\":\"row\",\"children\":[{\"type\":\"column\",\"props\":{\"image_position\":\"center-center\",\"media_overlay_gradient\":\"\",\"position_sticky_breakpoint\":\"m\"},\"children\":[{\"type\":\"headline\",\"props\":{\"content\":\"\n\n<p>Der BMW Club 5er E12 und E28 e.V.<\\\/p>\",\"title_element\":\"h1\"}},{\"type\":\"text\",\"props\":{\"column_breakpoint\":\"m\",\"content\":\"\n\n<p>Langsam und schleichend fahren sie aus unserem Blickfeld, die BMW 5er der ersten und zweiten Generation; immer seltener begegnen sie uns im allt\\u00e4glichen Stra\\u00dfenbild.<\\\/p>\",\"margin\":\"default\"}},{\"type\":\"image\",\"props\":{\"animation\":\"none\",\"image\":\"wp-content\\\/uploads\\\/2021\\\/11\\\/DSC_0307-scaled.jpg\",\"image_svg_color\":\"emphasis\",\"margin\":\"default\",\"margin_remove_bottom\":false}}]}]}]},{\"type\":\"section\",\"props\":{\"animation\":\"slide-top-medium\",\"image_position\":\"center-center\",\"style\":\"default\",\"title_breakpoint\":\"xl\",\"title_position\":\"top-left\",\"title_rotation\":\"left\",\"vertical_align\":\"middle\",\"width\":\"default\"},\"children\":[{\"type\":\"row\",\"children\":[{\"type\":\"column\",\"props\":{\"image_position\":\"center-center\",\"media_overlay_gradient\":\"\",\"position_sticky_breakpoint\":\"m\"},\"children\":[{\"type\":\"headline\",\"props\":{\"content\":\"\n\n<h4 style=\\\"text-align: center;\\\">Falls Sie nicht bereits Clubmitglied (<a href=\\\"https:\\\/\\\/e12e28.de\\\/wp-content\\\/uploads\\\/2022\\\/02\\\/Mitgliedsantrag-2022_a.pdf\\\">Mitgliedsantrag<\\\/a>) sind: Machen Sie mit und werden Sie Teil des BMW Club 5er E12 und E28 e.V., lernen Sie interessante Menschen rund um Ihr Hobby kennen.<\\\/h4>\",\"title_element\":\"h1\"}}]}]}]},{\"type\":\"section\",\"props\":{\"animation\":\"slide-bottom-medium\",\"image_position\":\"center-center\",\"padding\":\"small\",\"padding_remove_top\":true,\"style\":\"default\",\"title_breakpoint\":\"xl\",\"title_position\":\"top-left\",\"title_rotation\":\"left\",\"vertical_align\":\"middle\",\"width\":\"large\"},\"children\":[{\"type\":\"row\",\"props\":{\"layout\":\"1-2,1-2\"},\"children\":[{\"type\":\"column\",\"props\":{\"image_position\":\"center-center\",\"media_overlay_gradient\":\"\",\"position_sticky_breakpoint\":\"m\",\"width_medium\":\"1-2\"},\"children\":[{\"type\":\"text\",\"props\":{\"column_breakpoint\":\"m\",\"content\":\"\n\n<p>Und so fand sich bereits vor mehr als 15 Jahren eine Interessengemeinschaft aus 5er-Fahrern der Modellreihen E12 und E28 zusammen, um diesem merklichen Verschwinden entgegenzuwirken, die Fahrzeuge nicht in den Garagen zu verstecken, sondern sie auch weiterhin der \\u00d6ffentlichkeit zu erhalten.<\\\/p>\\n\n\n<p>Ganz normal f\\u00fcr den Weg zur Arbeit auf heimischen Stra\\u00dfen, gerne aber auch bei Oldtimertreffen und Oldtimermessen.<\\\/p>\\n\n\n<p>Dabei ist unser Interesse weiterhin das Gleiche wie vor Jahrzehnten. Egal ob damals\\u00a0als Neuwagen angeschafft, oder zu einem\\u00a0sp\\u00e4teren Zeitpunkt als Gebrauchtwagen oder nun als Oldtimer, es ist diese Freude am Fahren, die uns mit den Modellen E12\\u00a0und E28 verbindet. Allein Formensprache und Geschichte unserer Fahrzeuge f\\u00fcllt viele B\\u00fccher; Farbgebung, Haptik und der typische Duft des Interieurs f\\u00fchrt uns zur\\u00fcck in die 70er und 80er Jahre.<\\\/p>\\n\n\n<p>Diese Freude verst\\u00e4rkt sich durch das Gef\\u00fchl, mit Freunden in der Gemeinschaft\\u00a0dieses Interesse teilen zu k\\u00f6nnen; die Fahrzeuge zu pflegen und damit als Zeitzeugen einer Automobilepoche zu erhalten. Sei dies bei Treffen oder den j\\u00e4hrlichen Klassikermessen. Wir machen gerne davon Gebrauch, finden uns zu regionalen und \\u00fcberregionalen Treffen und touristischen Ausfahrten zusammen und tauschen uns \\u00fcber unsere Erfahrungen und Erlebnisse aus, l\\u00f6sen gemeinsam\\u00a0technische Probleme.<\\\/p>\\n\n\n<p>Wir definieren uns jedoch keineswegs ausschlie\\u00dflich \\u00fcber unsere Autos, es fanden\\u00a0sich schon zahlreiche pers\\u00f6nliche Freundschaften zusammen.\\u00a0Wir sehen uns auch dem Kulturgut \\u201eAutomobil\\u201c verpflichtet. Eine Markentreue ist bei unseren Mitgliedern dabei nicht von der Hand zu weisen: denn der Besitz von Fahrzeugen \\u00fcber verschiedene klassische BMW Baureihen ist nicht un\\u00fcblich.<\\\/p>\\n\n\n<p>Daher gestalten wir Treffen auch mal \\u00fcber mehrere BMW Baureihen der gleichen Zeit hinweg. So entsteht f\\u00fcr uns und allen Teilnehmern ein immer wieder willkommener bunter Mix.<\\\/p>\",\"margin\":\"default\"}}]},{\"type\":\"column\",\"props\":{\"image_position\":\"center-center\",\"media_overlay_gradient\":\"\",\"position_sticky_breakpoint\":\"m\",\"width_medium\":\"1-2\"},\"children\":[{\"type\":\"list\",\"props\":{\"column_breakpoint\":\"m\",\"image_align\":\"left\",\"image_svg_color\":\"emphasis\",\"image_vertical_align\":true,\"list_element\":\"ul\",\"list_horizontal_separator\":\", \",\"list_marker\":\"circle\",\"list_type\":\"vertical\",\"show_image\":true,\"show_link\":true},\"children\":[{\"type\":\"list_item\",\"props\":{\"content\":\"\n\n<p>Eine aktive Gemeinschaft aller Altersgruppen<\\\/p>\"}},{\"type\":\"list_item\",\"props\":{\"content\":\"\n\n<p>Mitglieder aus dem In- und Ausland<\\\/p>\"}},{\"type\":\"list_item\",\"props\":{\"content\":\"\n\n<p>Gedrucktes Clubmagazin \\u201eDer Doppelscheinwerfer\\u201c<\\\/p>\"}},{\"type\":\"list_item\",\"props\":{\"content\":\"\"}},{\"type\":\"list_item\",\"props\":{\"content\":\"\n\n<p>Typen\\u00fcbergreifende Kontakte zu anderen BMW-Klassiker-Clubs<\\\/p>\"}},{\"type\":\"list_item\",\"props\":{\"content\":\"\n\n<p>Geringer Jahresbeitrag in H\\u00f6he von 50 \\u20ac j\\u00e4hrlich<\\\/p>\"}},{\"type\":\"list_item\",\"props\":{\"content\":\"\n\n<p>Hilfe bei allgemeinen und technischen Fragen und bei der Ersatzteilversorgung<\\\/p>\"}},{\"type\":\"list_item\",\"props\":{\"content\":\"\n\n<p>Kontakte zur Fachpresse<\\\/p>\"}},{\"type\":\"list_item\",\"props\":{\"content\":\"\n\n<p>BMW-Treffen und Events rund um die Marke und unsere Modelle<\\\/p>\"}},{\"type\":\"list_item\",\"props\":{\"content\":\"\n\n<p>Regionale Ansprechpartner und Aktivit\\u00e4ten.<br \\\/>Lassen Sie sich auf den folgenden Seiten durch unsere Gemeinschaft leiten und Sie\\u00a0erhalten gleichzeitig viele Informationen zu unserem BMW Club 5er E12 und E28 e.V. und unseren Modellreihen der ersten beiden BMW 5er Generationen.<\\\/p>\"}}]}]}]},{\"type\":\"row\",\"children\":[{\"type\":\"column\",\"props\":{\"image_position\":\"center-center\",\"media_overlay_gradient\":\"\",\"position_sticky_breakpoint\":\"m\"},\"children\":[{\"type\":\"divider\",\"props\":{\"divider_element\":\"hr\"}}]}],\"props\":{\"margin_remove_bottom\":true}}]},{\"type\":\"section\",\"props\":{\"animation\":\"fade\",\"image_position\":\"center-center\",\"padding_remove_horizontal\":false,\"padding_remove_top\":true,\"style\":\"default\",\"title_breakpoint\":\"xl\",\"title_position\":\"top-left\",\"title_rotation\":\"left\",\"vertical_align\":\"middle\",\"width\":\"large\"},\"children\":[{\"type\":\"row\",\"props\":{\"layout\":\"3-5,2-5\",\"margin\":\"remove-vertical\",\"width\":\"large\"},\"children\":[{\"type\":\"column\",\"props\":{\"image_position\":\"center-center\",\"media_overlay_gradient\":\"\",\"position_sticky_breakpoint\":\"m\",\"width_medium\":\"3-5\"},\"children\":[{\"type\":\"text\",\"props\":{\"column_breakpoint\":\"m\",\"content\":\"\n\n<h2>Wo wir sind<\\\/h2>\\n\n\n<p>Unsere Mitglieder kommen aus allen Regionen von Deutschland. Es gibt auch Mitglieder aus den Niederlanden, \\u00d6sterreich, der Schweiz, Italien, Spanien und den USA.<\\\/p>\\n\n\n<hr \\\/>\\n\n\n<h2>Werden Sie Mitglied<\\\/h2>\\n\n\n<p><br \\\/>Werden auch Sie Mitglied (hier geht es zum <a href=\\\"https:\\\/\\\/e12e28.de\\\/wp-content\\\/uploads\\\/2022\\\/02\\\/Mitgliedsantrag-2022_a.pdf\\\">Mitgliedsantrag<\\\/a>).<\\\/p>\",\"margin\":\"default\"}}]},{\"type\":\"column\",\"props\":{\"image_position\":\"center-center\",\"media_overlay_gradient\":\"\",\"position_sticky_breakpoint\":\"m\",\"width_medium\":\"2-5\"},\"children\":[]}]}]}],\"version\":\"3.0.27\"} --><\/p>\n","protected":false},"excerpt":{"rendered":"<p>Der BMW Club 5er E12 und E28 e.V. Langsam und schleichend fahren sie aus unserem Blickfeld, die BMW 5er der ersten und zweiten Generation; immer seltener begegnen sie uns im allt\u00e4glichen Stra\u00dfenbild. Falls Sie nicht bereits Clubmitglied (Mitgliedsantrag) sind: Machen Sie mit und werden Sie Teil des BMW Club 5er E12 und E28 e.V., lernen [&hellip;]<\/p>\n","protected":false},"author":1,"featured_media":0,"parent":0,"menu_order":0,"comment_status":"closed","ping_status":"closed","template":"","meta":{"_acf_changed":false,"footnotes":""},"class_list":["post-1646","page","type-page","status-publish","hentry"],"acf":[],"_links":{"self":[{"href":"https:\/\/e12e28.de\/index.php?rest_route=\/wp\/v2\/pages\/1646","targetHints":{"allow":["GET"]}}],"collection":[{"href":"https:\/\/e12e28.de\/index.php?rest_route=\/wp\/v2\/pages"}],"about":[{"href":"https:\/\/e12e28.de\/index.php?rest_route=\/wp\/v2\/types\/page"}],"author":[{"embeddable":true,"href":"https:\/\/e12e28.de\/index.php?rest_route=\/wp\/v2\/users\/1"}],"replies":[{"embeddable":true,"href":"https:\/\/e12e28.de\/index.php?rest_route=%2Fwp%2Fv2%2Fcomments&post=1646"}],"version-history":[{"count":16,"href":"https:\/\/e12e28.de\/index.php?rest_route=\/wp\/v2\/pages\/1646\/revisions"}],"predecessor-version":[{"id":2009,"href":"https:\/\/e12e28.de\/index.php?rest_route=\/wp\/v2\/pages\/1646\/revisions\/2009"}],"wp:attachment":[{"href":"https:\/\/e12e28.de\/index.php?rest_route=%2Fwp%2Fv2%2Fmedia&parent=1646"}],"curies":[{"name":"wp","href":"https:\/\/api.w.org\/{rel}","templated":true}]}}